{"id":1067,"date":"2017-04-29T12:35:24","date_gmt":"2017-04-29T10:35:24","guid":{"rendered":"http:\/\/feuerwehr.duens.at\/?page_id=1067"},"modified":"2017-04-29T12:47:15","modified_gmt":"2017-04-29T10:47:15","slug":"du-willst-dabei-sein","status":"publish","type":"page","link":"https:\/\/feuerwehr.duens.at\/?page_id=1067","title":{"rendered":"Du willst dabei sein?"},"content":{"rendered":"<div id=\"u5384-4\" class=\"heading1-yellow clearfix colelem\">\n<h1>DU WILLST DABEI SEIN?<\/h1>\n<\/div>\n<div id=\"u5385-46\" class=\"clearfix colelem\">\n<p id=\"u5385-2\">Mitglied werden:<\/p>\n<p id=\"u5385-14\"><strong>DU&#8230;<\/strong><\/p>\n<p>&#8230; bist zwischen 10 und 15 Jahre alt?<br \/>\n&#8230; m\u00f6chtest etwas Sinnvolles in deiner Freizeit tun?<br \/>\n&#8230; hast Lust auf Spiel, Spa\u00df &amp; Action?<br \/>\n&#8230; m\u00f6chtest neue Freunde kennenlernen?<\/p>\n<p id=\"u5385-21\">Dann bist du bei der <span id=\"u5385-17\">Feuerwehrjugend D\u00fcns<\/span> genau richtig! Werde Mitglied in der <span id=\"u5385-19\">Feuerwehrjugend<\/span> und zeige, was in dir steckt. Spannung, Action, Freundschaft, ein tolles Team und jede Menge Spa\u00df machen dich zum Helfer von morgen!<\/p>\n<p>&nbsp;<\/p>\n<p id=\"u5385-24\"><strong>Ablauf eines Beitritts<\/strong><\/p>\n<p id=\"u5385-26\">Es ist ganz einfach, Feuerwehrjugend-Mitglied zu werden: Wenn du dich f\u00fcr die Feuerwehrjugend interessierst, bist du erst einmal eingeladen, bei einem Jugendtreffen oder einer Jugend\u00fcbung ganz unverbindlich zuzuschauen. Daf\u00fcr nimmst du einfach mit dem zust\u00e4ndigen Jugendbetreuer oder dem Kommandanten der Feuerwehr Kontakt auf.<\/p>\n<p id=\"u5385-35\">Wenn es dir beim Jugendtreffen gefallen hat, laden wir dich und deine Eltern zu einem Aufnahmegespr\u00e4ch ein. Darin besprechen wir gemeinsam, was dich als Feuerwehrmitglied erwartet und geben dir unser Beitrittsformular zum Ausf\u00fcllen mit.<\/p>\n<p id=\"u5385-43\">Deine Mitgliedschaft ist offiziell, sobald das zust\u00e4ndige Feuerwehrkommando deinen Beitritt annimmt und beschlie\u00dft.<\/p>\n<p><span id=\"u5385-40\">\u00dcbrigens: Die Mitgliedschaft bei der <\/span><span id=\"u5385-41\">Feuerwehrjugend<\/span><span id=\"u5385-42\"> ist kostenlos. Auch die ben\u00f6tigte Kleidung (Uniform) und Ausr\u00fcstung wird f\u00fcr dich von der Feuerwehr bereitgestellt.<\/span><\/p>\n<\/div>\n","protected":false},"excerpt":{"rendered":"<p>DU WILLST DABEI SEIN? Mitglied werden: DU&#8230; &#8230; bist zwischen 10 und 15 Jahre alt? &#8230; m\u00f6chtest etwas Sinnvolles in deiner Freizeit tun? &#8230; hast Lust auf Spiel, Spa\u00df &amp; &#8230;<\/p>\n","protected":false},"author":2,"featured_media":0,"parent":597,"menu_order":0,"comment_status":"closed","ping_status":"closed","template":"","meta":{"ngg_post_thumbnail":0,"footnotes":""},"class_list":["post-1067","page","type-page","status-publish","hentry"],"_links":{"self":[{"href":"https:\/\/feuerwehr.duens.at\/index.php?rest_route=\/wp\/v2\/pages\/1067","targetHints":{"allow":["GET"]}}],"collection":[{"href":"https:\/\/feuerwehr.duens.at\/index.php?rest_route=\/wp\/v2\/pages"}],"about":[{"href":"https:\/\/feuerwehr.duens.at\/index.php?rest_route=\/wp\/v2\/types\/page"}],"author":[{"embeddable":true,"href":"https:\/\/feuerwehr.duens.at\/index.php?rest_route=\/wp\/v2\/users\/2"}],"replies":[{"embeddable":true,"href":"https:\/\/feuerwehr.duens.at\/index.php?rest_route=%2Fwp%2Fv2%2Fcomments&post=1067"}],"version-history":[{"count":4,"href":"https:\/\/feuerwehr.duens.at\/index.php?rest_route=\/wp\/v2\/pages\/1067\/revisions"}],"predecessor-version":[{"id":1081,"href":"https:\/\/feuerwehr.duens.at\/index.php?rest_route=\/wp\/v2\/pages\/1067\/revisions\/1081"}],"up":[{"embeddable":true,"href":"https:\/\/feuerwehr.duens.at\/index.php?rest_route=\/wp\/v2\/pages\/597"}],"wp:attachment":[{"href":"https:\/\/feuerwehr.duens.at\/index.php?rest_route=%2Fwp%2Fv2%2Fmedia&parent=1067"}],"curies":[{"name":"wp","href":"https:\/\/api.w.org\/{rel}","templated":true}]}}