{"id":1075,"date":"2017-04-29T12:41:25","date_gmt":"2017-04-29T10:41:25","guid":{"rendered":"http:\/\/feuerwehr.duens.at\/?page_id=1075"},"modified":"2017-04-29T12:47:54","modified_gmt":"2017-04-29T10:47:54","slug":"infos-fuer-eltern","status":"publish","type":"page","link":"https:\/\/feuerwehr.duens.at\/?page_id=1075","title":{"rendered":"Infos f\u00fcr Eltern"},"content":{"rendered":"<div id=\"u5442-4\" class=\"heading1-yellow clearfix colelem\">\n<h1>INFOS F\u00dcR ELTERN<\/h1>\n<\/div>\n<div id=\"u5443-24\" class=\"clearfix colelem\">\n<p id=\"u5443-4\">Die Mitglieder der \u00f6sterreichischen <span id=\"u5443-2\">Feuerwehrjugend<\/span> sind stets in der ortsans\u00e4ssigen Feuerwehr integriert. Jugendbetreuer\/innen, die bestens geschult und auf die Arbeit mit Kindern vorbereitet sind, k\u00fcmmern sich um die Ausbildung, die Organisation der Bewerbe und diverser Ausfl\u00fcge. Sie stehen den M\u00e4dchen und Burschen mit Rat und Tat zur Seite.<\/p>\n<p id=\"u5443-7\">Neben der Feuerwehrausbildung genie\u00dfen die Jugendlichen Erste-Hilfe-Kurse, sportliche Herausforderungen, teambildende Ausfl\u00fcge und Sommerlager sowie diverse Wettk\u00e4mpfe, die genau dem Alter angepasst sind. So erfahren die jungen Florianis neben Ehrgeiz und Motivation auch Teamgeist und Freundschaft kennen und sch\u00e4tzen. Eine sinnvolle Freizeitbesch\u00e4ftigung, die Kinder und Jugendliche auf ein Leben voll gegenseitigem Respekt und Zivilcourage vorbereitet.<\/p>\n<p id=\"u5443-10\">Gleichzeitig nehmen unsere Jugendbetreuer\/innen immer R\u00fccksicht auf die Schule, damit auch hier die Leistung stimmt.<\/p>\n<p id=\"u5443-15\">\u00dcbrigens: Die Mitgliedschaft in der<span id=\"u5443-13\"> Feuerwehrjugend<\/span> ist vollkommen kostenlos! Auch die ben\u00f6tigte Kleidung (Uniform) und Ausr\u00fcstung wird f\u00fcr die Jugendlichen von der Feuerwehr bereitgestellt. Au\u00dferdem besteht automatisch Versicherungsschutz durch die Feuerwehr.<\/p>\n<p id=\"u5443-21\">F\u00fcr weitere Fragen steht Ihnen das Jugendteam der Feuerwehr D\u00fcns gerne zur Verf\u00fcgung.<\/p>\n<\/div>\n","protected":false},"excerpt":{"rendered":"<p>INFOS F\u00dcR ELTERN Die Mitglieder der \u00f6sterreichischen Feuerwehrjugend sind stets in der ortsans\u00e4ssigen Feuerwehr integriert. Jugendbetreuer\/innen, die bestens geschult und auf die Arbeit mit Kindern vorbereitet sind, k\u00fcmmern sich um &#8230;<\/p>\n","protected":false},"author":2,"featured_media":0,"parent":597,"menu_order":0,"comment_status":"closed","ping_status":"closed","template":"","meta":{"ngg_post_thumbnail":0,"footnotes":""},"class_list":["post-1075","page","type-page","status-publish","hentry"],"_links":{"self":[{"href":"https:\/\/feuerwehr.duens.at\/index.php?rest_route=\/wp\/v2\/pages\/1075","targetHints":{"allow":["GET"]}}],"collection":[{"href":"https:\/\/feuerwehr.duens.at\/index.php?rest_route=\/wp\/v2\/pages"}],"about":[{"href":"https:\/\/feuerwehr.duens.at\/index.php?rest_route=\/wp\/v2\/types\/page"}],"author":[{"embeddable":true,"href":"https:\/\/feuerwehr.duens.at\/index.php?rest_route=\/wp\/v2\/users\/2"}],"replies":[{"embeddable":true,"href":"https:\/\/feuerwehr.duens.at\/index.php?rest_route=%2Fwp%2Fv2%2Fcomments&post=1075"}],"version-history":[{"count":1,"href":"https:\/\/feuerwehr.duens.at\/index.php?rest_route=\/wp\/v2\/pages\/1075\/revisions"}],"predecessor-version":[{"id":1076,"href":"https:\/\/feuerwehr.duens.at\/index.php?rest_route=\/wp\/v2\/pages\/1075\/revisions\/1076"}],"up":[{"embeddable":true,"href":"https:\/\/feuerwehr.duens.at\/index.php?rest_route=\/wp\/v2\/pages\/597"}],"wp:attachment":[{"href":"https:\/\/feuerwehr.duens.at\/index.php?rest_route=%2Fwp%2Fv2%2Fmedia&parent=1075"}],"curies":[{"name":"wp","href":"https:\/\/api.w.org\/{rel}","templated":true}]}}