{"id":4114,"date":"2025-11-07T20:15:40","date_gmt":"2025-11-07T19:15:40","guid":{"rendered":"https:\/\/feuerwehr.duens.at\/?page_id=4114"},"modified":"2025-11-07T21:03:23","modified_gmt":"2025-11-07T20:03:23","slug":"informationen-zur-feuerwehr-olympiade","status":"publish","type":"page","link":"https:\/\/feuerwehr.duens.at\/?page_id=4114","title":{"rendered":"Informationen zur Feuerwehr-Olympiade"},"content":{"rendered":"\n<p><strong>Die Feuerwehr-Olympiade, offiziell bekannt als die Int. Feuerwehrbewerbe des CTIF, ist das weltweit bedeutendste Kr\u00e4ftemessen im Feuerwehrwesen. Alle vier Jahre treten Feuerwehrgruppen aus \u00fcber 30 L\u00e4ndern an, um in technisch und sportlich anspruchsvollen Disziplinen ihr K\u00f6nnen unter Beweis zu stellen &#8211; mit h\u00f6chster Pr\u00e4zision, Ausdauer und Teamarbeit.<\/strong><\/p>\n\n\n\n<div class=\"wp-block-columns is-layout-flex wp-container-core-columns-is-layout-9d6595d7 wp-block-columns-is-layout-flex\">\n<div class=\"wp-block-column is-layout-flow wp-block-column-is-layout-flow\">\n<p><strong>Was sind die CTIF-Bewerbe?<\/strong><\/p>\n\n\n\n<p>Die Bewerbe bestehen aus zwei Hauptdisziplinen:<\/p>\n\n\n\n<ul class=\"wp-block-list\">\n<li><strong>L\u00f6schangriff<\/strong>: Eine genormte, auf Pr\u00e4zision und Teamarbeit ausgelegte \u00dcbung, bei der jede Sekunde z\u00e4hlt.<\/li>\n\n\n\n<li><strong>Feuerwehr-Hindernisstaffel:<\/strong> Ein sportlicher Lauf \u00fcber feuerwehrtypische Hindernisse, bei dem Technik und Schnelligkeit im Vordergrund stehen.<\/li>\n<\/ul>\n\n\n\n<p><strong>F\u00fcr uns ist es eine gro\u00dfe Ehre und Motivation,<\/strong> <strong>im Sommer 2026 das BUNDESLAND VORARLBERG SOWIE GANZ \u00d6STERREICH bei der Feuerwehr-Olympiade in Eisenstadt vertreten zu<\/strong> <strong>d\u00fcrfen. Wir treten mit dem klaren Ziel, eine<\/strong> <strong>Spitzenplatzierung unter den besten Teams<\/strong> <strong>weltweit zu erreichen, an.<\/strong><\/p>\n<\/div>\n\n\n\n<div class=\"wp-block-column is-layout-flow wp-block-column-is-layout-flow\">\n<figure class=\"wp-block-image size-large\"><img loading=\"lazy\" decoding=\"async\" width=\"1021\" height=\"1024\" src=\"https:\/\/feuerwehr.duens.at\/wp-content\/uploads\/2025\/11\/CTIF-Logo-final_tiny-1021x1024.png\" alt=\"\" class=\"wp-image-4136\" srcset=\"https:\/\/feuerwehr.duens.at\/wp-content\/uploads\/2025\/11\/CTIF-Logo-final_tiny-1021x1024.png 1021w, https:\/\/feuerwehr.duens.at\/wp-content\/uploads\/2025\/11\/CTIF-Logo-final_tiny-300x300.png 300w, https:\/\/feuerwehr.duens.at\/wp-content\/uploads\/2025\/11\/CTIF-Logo-final_tiny-150x150.png 150w, https:\/\/feuerwehr.duens.at\/wp-content\/uploads\/2025\/11\/CTIF-Logo-final_tiny-768x771.png 768w, https:\/\/feuerwehr.duens.at\/wp-content\/uploads\/2025\/11\/CTIF-Logo-final_tiny-1531x1536.png 1531w, https:\/\/feuerwehr.duens.at\/wp-content\/uploads\/2025\/11\/CTIF-Logo-final_tiny-2041x2048.png 2041w\" sizes=\"auto, (max-width: 1021px) 100vw, 1021px\" \/><\/figure>\n<\/div>\n<\/div>\n\n\n\n<figure class=\"wp-block-embed is-type-video is-provider-youtube wp-block-embed-youtube wp-embed-aspect-16-9 wp-has-aspect-ratio\"><div class=\"wp-block-embed__wrapper\">\n<iframe loading=\"lazy\" title=\"L\u00f6schangriff Feuerwehr D\u00fcns (Zusammenschnitt)\" width=\"800\" height=\"450\" src=\"https:\/\/www.youtube.com\/embed\/Dgbtdhe4XtQ?feature=oembed\" frameborder=\"0\" allow=\"accelerometer; autoplay; clipboard-write; encrypted-media; gyroscope; picture-in-picture; web-share\" referrerpolicy=\"strict-origin-when-cross-origin\" allowfullscreen><\/iframe>\n<\/div><\/figure>\n","protected":false},"excerpt":{"rendered":"<p>Die Feuerwehr-Olympiade, offiziell bekannt als die Int. Feuerwehrbewerbe des CTIF, ist das weltweit bedeutendste Kr\u00e4ftemessen im Feuerwehrwesen. Alle vier Jahre treten Feuerwehrgruppen aus \u00fcber 30 L\u00e4ndern an, um in technisch &#8230;<\/p>\n","protected":false},"author":3,"featured_media":0,"parent":3833,"menu_order":0,"comment_status":"closed","ping_status":"closed","template":"","meta":{"ngg_post_thumbnail":0,"footnotes":""},"class_list":["post-4114","page","type-page","status-publish","hentry"],"_links":{"self":[{"href":"https:\/\/feuerwehr.duens.at\/index.php?rest_route=\/wp\/v2\/pages\/4114","targetHints":{"allow":["GET"]}}],"collection":[{"href":"https:\/\/feuerwehr.duens.at\/index.php?rest_route=\/wp\/v2\/pages"}],"about":[{"href":"https:\/\/feuerwehr.duens.at\/index.php?rest_route=\/wp\/v2\/types\/page"}],"author":[{"embeddable":true,"href":"https:\/\/feuerwehr.duens.at\/index.php?rest_route=\/wp\/v2\/users\/3"}],"replies":[{"embeddable":true,"href":"https:\/\/feuerwehr.duens.at\/index.php?rest_route=%2Fwp%2Fv2%2Fcomments&post=4114"}],"version-history":[{"count":2,"href":"https:\/\/feuerwehr.duens.at\/index.php?rest_route=\/wp\/v2\/pages\/4114\/revisions"}],"predecessor-version":[{"id":4137,"href":"https:\/\/feuerwehr.duens.at\/index.php?rest_route=\/wp\/v2\/pages\/4114\/revisions\/4137"}],"up":[{"embeddable":true,"href":"https:\/\/feuerwehr.duens.at\/index.php?rest_route=\/wp\/v2\/pages\/3833"}],"wp:attachment":[{"href":"https:\/\/feuerwehr.duens.at\/index.php?rest_route=%2Fwp%2Fv2%2Fmedia&parent=4114"}],"curies":[{"name":"wp","href":"https:\/\/api.w.org\/{rel}","templated":true}]}}