{"id":597,"date":"2016-09-20T11:38:42","date_gmt":"2016-09-20T09:38:42","guid":{"rendered":"http:\/\/feuerwehr.duens.at\/?page_id=597"},"modified":"2018-04-13T19:31:52","modified_gmt":"2018-04-13T17:31:52","slug":"jugend","status":"publish","type":"page","link":"https:\/\/feuerwehr.duens.at\/?page_id=597","title":{"rendered":"Jugend"},"content":{"rendered":"<h1>WER WIR SIND<\/h1>\n<div id=\"u5018-37\" class=\"clearfix grpelem\">\n<p id=\"u5018-2\">WISSEN, SPASS, ACTION UND SPORT \u2013<\/p>\n<p id=\"u5018-6\">DAS ALLES IN <span id=\"u5018-4\">EINER<\/span> GEMEINSCHAFT.<\/p>\n<p id=\"u5018-13\">Die <span id=\"u5018-9\">Feuerwehrjugend D\u00fcns<\/span> ist eine au\u00dferschulische Jugendgemeinschaft und ein integrierter Bestandteil der \u00f6sterreichischen Feuerwehr.&nbsp; In ganz \u00d6sterreich, von Vorarlberg bis ins Burgenland, gibt es unsere Jugendgruppen: Mit rund <span id=\"u5018-11\">26.000 Mitgliedern<\/span> ist die Feuerwehrjugend eine der gr\u00f6\u00dften Jugendorganisationen in \u00d6sterreich. Egal ob M\u00e4dchen oder Bursche, egal ob aus der Gro\u00dfstadt oder vom Land: Alle Jugendlichen, die in ihrer Freizeit etwas Sinnvolles tun m\u00f6chten, das gleichzeitig viel Spa\u00df macht, die Freundschaft und Teamgeist erleben m\u00f6chten, sind bei uns herzlich willkommen.<\/p>\n<p id=\"u5018-18\">Bei der <span id=\"u5018-16\">Feuerwehrjugend<\/span> lernen Jugendliche alle wichtigen Grundbegriffe rund um Brandbek\u00e4mpfung, Ger\u00e4tekunde, Erste Hilfe, Zivilschutz und vieles mehr. Kurz gesagt, alle wichtigen feuerwehrtechnischen Belange, die die Jugendlichen spielerisch auf die sp\u00e4teren Aufgaben bei der Feuerwehr vorbereiten.<\/p>\n<p id=\"u5018-22\"><span id=\"u5018-20\">Feuerwehrjugend<\/span> hei\u00dft n\u00e4mlich: Vorbereitung auf den aktiven Feuerwehrdienst, aber nat\u00fcrlich noch keine \u201eechten\u201c Eins\u00e4tze.<\/p>\n<p id=\"u5018-27\">Ein besonders gro\u00dfer Wert wird bei der <span id=\"u5018-25\">Feuerwehrjugend<\/span> auf Freundschaft und soziale Kompetenz bei Sport und Spiel gelegt. Bei unseren Leistungsbewerben k\u00f6nnen wettk\u00e4mpferische Ambitionen ausgelebt und die erworbenen Kenntnisse unter Beweis gestellt werden. Action und jede Menge Spa\u00df sind bei Jugendlagern, gemeinsamen Ausfl\u00fcgen und vielen anderen Aktivit\u00e4ten garantiert. Eines bleibt aber immer gleich \u2013&nbsp; der Sinn f\u00fcr Gemeinschaft und Teamgeist, denn bei uns gilt:<\/p>\n<h3 id=\"u5018-35\"><strong>&#8222;ZEMMA LERNA, ZEMMA LACHA, ZEMMA COOLE SACHA MACHA&#8220;<\/strong><\/h3>\n<p><span id=\"u5018-32\">Die Mitgliedschaft bei der <\/span><span id=\"u5018-33\">Feuerwehrjugend<\/span><span id=\"u5018-34\"> D\u00fcns ist eine sinnvolle Freizeitbesch\u00e4ftigung f\u00fcr alle Jugendlichen, die \u201emehr\u201c wollen als nur ein Hobby. Die Teil sein m\u00f6chten einer offenen, modernen Organisation mit Zukunft, die eine wichtige Aufgabe in unserer Gesellschaft erf\u00fcllt: Nachwuchs auszubilden f\u00fcr das soziale, mitmenschliche Engagement von morgen.<\/span><\/p>\n<\/div>\n<p><img loading=\"lazy\" decoding=\"async\" class=\"alignnone size-large wp-image-1747\" src=\"http:\/\/feuerwehr.duens.at\/wp-content\/uploads\/2018\/04\/IMG_9768-e1523640572675-1024x491.jpg\" alt=\"\" width=\"800\" height=\"384\" srcset=\"https:\/\/feuerwehr.duens.at\/wp-content\/uploads\/2018\/04\/IMG_9768-e1523640572675-1024x491.jpg 1024w, https:\/\/feuerwehr.duens.at\/wp-content\/uploads\/2018\/04\/IMG_9768-e1523640572675-300x144.jpg 300w, https:\/\/feuerwehr.duens.at\/wp-content\/uploads\/2018\/04\/IMG_9768-e1523640572675-768x369.jpg 768w\" sizes=\"auto, (max-width: 800px) 100vw, 800px\" \/><span style=\"color: #808080;\"><em>Die Feuerwehrjugend D\u00fcns bei der Erprobung verschiedener L\u00f6schmittel<\/em><\/span><\/p>\n","protected":false},"excerpt":{"rendered":"<p>WER WIR SIND WISSEN, SPASS, ACTION UND SPORT \u2013 DAS ALLES IN EINER GEMEINSCHAFT. Die Feuerwehrjugend D\u00fcns ist eine au\u00dferschulische Jugendgemeinschaft und ein integrierter Bestandteil der \u00f6sterreichischen Feuerwehr.&nbsp; In ganz &#8230;<\/p>\n","protected":false},"author":2,"featured_media":0,"parent":0,"menu_order":0,"comment_status":"closed","ping_status":"closed","template":"","meta":{"ngg_post_thumbnail":0,"footnotes":""},"class_list":["post-597","page","type-page","status-publish","hentry"],"_links":{"self":[{"href":"https:\/\/feuerwehr.duens.at\/index.php?rest_route=\/wp\/v2\/pages\/597","targetHints":{"allow":["GET"]}}],"collection":[{"href":"https:\/\/feuerwehr.duens.at\/index.php?rest_route=\/wp\/v2\/pages"}],"about":[{"href":"https:\/\/feuerwehr.duens.at\/index.php?rest_route=\/wp\/v2\/types\/page"}],"author":[{"embeddable":true,"href":"https:\/\/feuerwehr.duens.at\/index.php?rest_route=\/wp\/v2\/users\/2"}],"replies":[{"embeddable":true,"href":"https:\/\/feuerwehr.duens.at\/index.php?rest_route=%2Fwp%2Fv2%2Fcomments&post=597"}],"version-history":[{"count":22,"href":"https:\/\/feuerwehr.duens.at\/index.php?rest_route=\/wp\/v2\/pages\/597\/revisions"}],"predecessor-version":[{"id":1749,"href":"https:\/\/feuerwehr.duens.at\/index.php?rest_route=\/wp\/v2\/pages\/597\/revisions\/1749"}],"wp:attachment":[{"href":"https:\/\/feuerwehr.duens.at\/index.php?rest_route=%2Fwp%2Fv2%2Fmedia&parent=597"}],"curies":[{"name":"wp","href":"https:\/\/api.w.org\/{rel}","templated":true}]}}